{"id":51464,"date":"2024-10-11T10:06:24","date_gmt":"2024-10-11T10:06:24","guid":{"rendered":"https:\/\/biraghi.it\/?page_id=51464"},"modified":"2024-10-11T10:06:25","modified_gmt":"2024-10-11T10:06:25","slug":"agencia-2","status":"publish","type":"page","link":"https:\/\/biraghi.it\/es\/agencia-2\/","title":{"rendered":"Agencia"},"content":{"rendered":"<h1>\n<p>DESDE 1934, DEDICADOS AL CONSUMIDOR<\/p>\n<\/h1>\n<p><img decoding=\"async\" src=\"\/wp-content\/uploads\/2023\/05\/img-top-azienda-2.jpg\" alt=\"\"><\/p>\n<h2>NUESTRA HISTORIA<\/h2>\n<div>\n<p>Ubicada en la provincia de Cuneo, entre las colinas de Langhe y el monte Monviso, Biraghi S.p.A. fue fundada en 1934 por Ferruccio Biraghi, uno de los empresarios m\u00e1s visionarios del panorama industrial italiano en ese momento. Nacido en Lodi en 1909, Ferruccio Biraghi comenz\u00f3 a trabajar en Latterie Soresinesi, donde, siguiendo los pasos de su padre, se involucr\u00f3 en la maquinaria para el procesamiento y transformaci\u00f3n de la leche. Despu\u00e9s de mudarse a Cavallermaggiore, comenz\u00f3 su verdadera aventura: estableci\u00f3 la renombrada empresa piamontesa como unipersonal y conquist\u00f3 de inmediato las cimas del mercado l\u00e1cteo, ganando la aprobaci\u00f3n total del p\u00fablico italiano. El negocio evolucion\u00f3 y progres\u00f3 constantemente, lo que permiti\u00f3 a Biraghi crecer a\u00f1o tras a\u00f1o. En la d\u00e9cada de 1980, Biraghi fij\u00f3 la mirada en el futuro, pasando de ser una f\u00e1brica de queso artesanal a ser una destacada sociedad an\u00f3nima, reconocida tanto a nivel nacional como internacional. Hoy en d\u00eda, la empresa emplea aproximadamente a 250 personas dedicadas a seleccionar la mejor leche italiana, obtenida exclusivamente de alrededor de 200 empresas agr\u00edcolas de la regi\u00f3n de Piamonte. Como empresa moderna e innovadora, Biraghi S.p.A. invierte constantemente en la investigaci\u00f3n de nuevas t\u00e9cnicas de producci\u00f3n y en el desarrollo de recursos humanos, con el objetivo de fortalecer su posici\u00f3n en el mercado y diferenciarse de la competencia, centr\u00e1ndose en aspectos de calidad y autenticidad 100% italianos. Actualmente, la empresa est\u00e1 dirigida por Bruno y Anna Biraghi, hijos de Ferruccio, y cuenta con el apoyo de experimentados gerentes en el campo. La marca Biraghi ha sido elegida por los equipos nacionales de f\u00fatbol italiano para alimentar a los Azzurri y Azzurre de todos los equipos, encarnando los valores con los que Biraghi S.p.A. siempre se ha identificado: herencia italiana, excelencia en su campo, unidad, promoci\u00f3n de una dieta saludable y equilibrada, y la importancia del deporte.<\/p>\n<\/div>\n<p><img decoding=\"async\" src=\"\/wp-content\/uploads\/2023\/05\/img-top-azienda-4.jpg\" alt=\"\"><\/p>\n<h2>\n<p>ATENCI\u00d3N <br \/>AL CONSUMIDOR<\/p>\n<\/h2>\n<div>\n<p>La atenci\u00f3n al consumidor es uno de los pilares de Biraghi S.p.A. y se destaca a trav\u00e9s de la calidad de nuestras materias primas provenientes del territorio y de nuestros productos, que son sometidos a numerosos controles de calidad antes de ser puestos a la venta. Nuestra gama de productos est\u00e1 dise\u00f1ada para satisfacer todas las necesidades de los consumidores, y los envases est\u00e1n dise\u00f1ados para garantizar un alto nivel de servicio, gracias a la apertura f\u00e1cil con cierre de cremallera, el cierre herm\u00e9tico para preservar la frescura y el tama\u00f1o adecuado para el consumo diario de una familia.<\/p>\n<\/div>\n<p><img decoding=\"async\" src=\"\/wp-content\/uploads\/2023\/05\/img-top-azienda-5.jpg\" alt=\"\"><\/p>\n<h2>PLANTAS Y PRODUCCI\u00d3N<\/h2>\n<div>\n<p>La \u00fanica planta de Biraghi S.p.A. se encuentra en Cavallermaggiore, en la provincia de Cuneo, en la regi\u00f3n de Piemonte, y abarca una superficie de 166.500 metros cuadrados. En ella se llevan a cabo todos los procesos de producci\u00f3n, desde la recolecci\u00f3n de la leche hasta la elaboraci\u00f3n final de los quesos Gran Biraghi, el Gorgonzola D.O.P., la mantequilla y la ricotta. Todo ello se realiza siguiendo rigurosos est\u00e1ndares y criterios de higiene. Tanto las formas de Gran Biraghi como las formas de Gorgonzola D.O.P. se dejan madurar en almacenes especiales. Al final del per\u00edodo de maduraci\u00f3n, las formas se cortan y se envasan, dando lugar a la deliciosa l\u00ednea de productos Gran Biraghi (rallado, Biraghini, Snack, Petali y Spicchi) y a los exquisitos y pr\u00e1cticos envases de Gorgonzola D.O.P.<\/p>\n<\/div>\n<p><!--more--><br \/>\n<!-- {\"type\":\"layout\",\"children\":[{\"type\":\"section\",\"props\":{\"css\":\".el-section{\\n\\tposition: relative!important;\\n}\\n.uk-panel, .uk-position-relative{\\n\\tposition: static!important;\\n}\",\"image\":\"wp-content\\\/uploads\\\/2023\\\/05\\\/img-top-azienda.jpg\",\"image_position\":\"center-center\",\"image_size\":\"cover\",\"media_overlay\":\"rgba(0, 0, 0, 0.17)\",\"padding\":\"xlarge\",\"style\":\"default\",\"title_breakpoint\":\"xl\",\"title_position\":\"top-left\",\"title_rotation\":\"left\",\"vertical_align\":\"middle\",\"width\":\"default\"},\"children\":[{\"type\":\"row\",\"children\":[{\"type\":\"column\",\"props\":{\"image_position\":\"center-center\",\"media_overlay_gradient\":\"\",\"position_sticky_breakpoint\":\"m\"},\"children\":[{\"type\":\"headline\",\"props\":{\"content\":\"\n\n<p>DESDE 1934, DEDICADOS AL CONSUMIDOR<\\\/p>\",\"css\":\".el-element{\\n\\tposition: relative;\\n    z-index:2;\\n}\",\"text_align\":\"center\",\"title_color\":\"success\",\"title_element\":\"h1\",\"title_style\":\"heading-medium\"}},{\"type\":\"image\",\"props\":{\"css\":\".el-element{\\n\\tposition: absolute;\\n    left: 50%;\\n    bottom: -75px;\\n    transform: translateX(-50%);\\n    z-index:2!important;\\n}\",\"image\":\"wp-content\\\/uploads\\\/2023\\\/05\\\/bollolatte100_chisiamo.png\",\"image_svg_color\":\"emphasis\",\"image_width\":\"150\",\"margin\":\"default\",\"status\":\"disabled\",\"text_align\":\"center\"}}]}],\"props\":{\"width\":\"xsmall\"}}]},{\"type\":\"section\",\"props\":{\"image_position\":\"center-center\",\"padding\":\"none\",\"style\":\"primary\",\"title_breakpoint\":\"xl\",\"title_position\":\"top-left\",\"title_rotation\":\"left\",\"vertical_align\":\"middle\",\"width\":\"\"},\"children\":[{\"type\":\"row\",\"props\":{\"column_gap\":\"collapse\",\"layout\":\"1-2,1-2\",\"margin\":\"remove-vertical\",\"row_gap\":\"collapse\"},\"children\":[{\"type\":\"column\",\"props\":{\"css\":\".el-column{\\n    padding:40px;\\n}\",\"image\":\"wp-content\\\/uploads\\\/2023\\\/05\\\/img-top-azienda-2.jpg\",\"image_position\":\"center-center\",\"image_size\":\"cover\",\"media_overlay_gradient\":\"\",\"position_sticky_breakpoint\":\"m\",\"vertical_align\":\"middle\",\"width_medium\":\"\",\"width_small\":\"1-2\"},\"children\":[{\"type\":\"image\",\"props\":{\"class\":\"\",\"css\":\".el-element{\\n    visibility: hidden;\\n}\\n\",\"image\":\"wp-content\\\/uploads\\\/2023\\\/05\\\/img-top-azienda-2.jpg\",\"image_height\":\"400\",\"image_svg_color\":\"emphasis\",\"image_width\":\"400\",\"margin\":\"default\",\"text_align\":\"center\"}}]},{\"type\":\"column\",\"props\":{\"css\":\".uk-tile{\\n\\tbackground-color: #f9dc4a;\\n}\\n@media(min-width: 960px){\\n    .uk-tile{\\n        padding-left: 100px;\\n        padding-right: 180px;\\n    }\\n}\",\"image_position\":\"center-center\",\"media_overlay_gradient\":\"\",\"padding\":\"large\",\"position_sticky_breakpoint\":\"m\",\"preserve_color\":false,\"style\":\"primary\",\"width_medium\":\"\",\"width_small\":\"1-2\"},\"children\":[{\"type\":\"headline\",\"props\":{\"content\":\"NUESTRA HISTORIA\",\"title_color\":\"primary\",\"title_element\":\"h2\"}},{\"type\":\"text\",\"props\":{\"column_breakpoint\":\"m\",\"content\":\"\n\n<p>Ubicada en la provincia de Cuneo, entre las colinas de Langhe y el monte Monviso, Biraghi S.p.A. fue fundada en 1934 por Ferruccio Biraghi, uno de los empresarios m\\u00e1s visionarios del panorama industrial italiano en ese momento. Nacido en Lodi en 1909, Ferruccio Biraghi comenz\\u00f3 a trabajar en Latterie Soresinesi, donde, siguiendo los pasos de su padre, se involucr\\u00f3 en la maquinaria para el procesamiento y transformaci\\u00f3n de la leche. Despu\\u00e9s de mudarse a Cavallermaggiore, comenz\\u00f3 su verdadera aventura: estableci\\u00f3 la renombrada empresa piamontesa como unipersonal y conquist\\u00f3 de inmediato las cimas del mercado l\\u00e1cteo, ganando la aprobaci\\u00f3n total del p\\u00fablico italiano. El negocio evolucion\\u00f3 y progres\\u00f3 constantemente, lo que permiti\\u00f3 a Biraghi crecer a\\u00f1o tras a\\u00f1o. En la d\\u00e9cada de 1980, Biraghi fij\\u00f3 la mirada en el futuro, pasando de ser una f\\u00e1brica de queso artesanal a ser una destacada sociedad an\\u00f3nima, reconocida tanto a nivel nacional como internacional. Hoy en d\\u00eda, la empresa emplea aproximadamente a 250 personas dedicadas a seleccionar la mejor leche italiana, obtenida exclusivamente de alrededor de 200 empresas agr\\u00edcolas de la regi\\u00f3n de Piamonte. Como empresa moderna e innovadora, Biraghi S.p.A. invierte constantemente en la investigaci\\u00f3n de nuevas t\\u00e9cnicas de producci\\u00f3n y en el desarrollo de recursos humanos, con el objetivo de fortalecer su posici\\u00f3n en el mercado y diferenciarse de la competencia, centr\\u00e1ndose en aspectos de calidad y autenticidad 100% italianos. Actualmente, la empresa est\\u00e1 dirigida por Bruno y Anna Biraghi, hijos de Ferruccio, y cuenta con el apoyo de experimentados gerentes en el campo. La marca Biraghi ha sido elegida por los equipos nacionales de f\\u00fatbol italiano para alimentar a los Azzurri y Azzurre de todos los equipos, encarnando los valores con los que Biraghi S.p.A. siempre se ha identificado: herencia italiana, excelencia en su campo, unidad, promoci\\u00f3n de una dieta saludable y equilibrada, y la importancia del deporte.<\\\/p>\",\"margin\":\"default\",\"text_color\":\"primary\"}}]}]},{\"type\":\"row\",\"props\":{\"margin\":\"remove-vertical\",\"margin_remove_bottom\":false,\"margin_remove_top\":false,\"status\":\"disabled\"},\"children\":[{\"type\":\"column\",\"props\":{\"css\":\".uk-tile{\\n\\tbackground-color: #db000c;\\n}\",\"image\":\"\",\"image_position\":\"center-center\",\"media_overlay_gradient\":\"\",\"position_sticky_breakpoint\":\"m\",\"style\":\"primary\",\"vertical_align\":\"middle\",\"width_medium\":\"\"},\"children\":[{\"type\":\"image\",\"props\":{\"image\":\"wp-content\\\/uploads\\\/2023\\\/05\\\/img-top-azienda-3.jpg\",\"image_svg_color\":\"emphasis\",\"margin\":\"default\",\"text_align\":\"center\"}}]}]},{\"type\":\"row\",\"props\":{\"layout\":\"1-2,1-2\",\"margin\":\"remove-vertical\"},\"children\":[{\"type\":\"column\",\"props\":{\"css\":\".uk-tile{\\n\\tbackground-color: #f9dc4a;\\n}\\n@media(min-width: 960px){\\n    .uk-tile{\\n        padding-left: 180px;\\n        padding-right: 100px;\\n    }\\n}\\n.el-column{\\n    padding:40px;\\n}\",\"image\":\"wp-content\\\/uploads\\\/2023\\\/05\\\/img-top-azienda-4.jpg\",\"image_position\":\"center-right\",\"image_size\":\"cover\",\"media_overlay_gradient\":\"\",\"order_first\":\"\",\"padding\":\"large\",\"position_sticky_breakpoint\":\"m\",\"style\":\"default\",\"vertical_align\":\"middle\",\"width_medium\":\"\",\"width_small\":\"1-2\"},\"children\":[{\"type\":\"image\",\"props\":{\"css\":\".el-element{\\n    visibility: hidden;\\n}\\n\",\"image\":\"wp-content\\\/uploads\\\/2023\\\/05\\\/img-top-azienda-4.jpg\",\"image_height\":\"600\",\"image_svg_color\":\"emphasis\",\"image_width\":\"600\",\"margin\":\"default\",\"text_align\":\"center\"}}]},{\"type\":\"column\",\"props\":{\"css\":\".uk-tile{\\n\\tbackground-color: #f9dc4a;\\n}\\n@media(min-width: 960px){\\n    .uk-tile{\\n        padding-right: 100px;\\n        padding-left: 180px;\\n    }\\n}\",\"image\":\"\",\"image_position\":\"center-center\",\"image_size\":\"cover\",\"media_overlay_gradient\":\"\",\"order_first\":\"s\",\"position_sticky_breakpoint\":\"m\",\"style\":\"primary\",\"width_medium\":\"\",\"width_small\":\"1-2\"},\"children\":[{\"type\":\"headline\",\"props\":{\"content\":\"\n\n<p>ATENCI\\u00d3N <br \\\/>AL CONSUMIDOR<\\\/p>\",\"css\":\".el-element{\\n\\ttext-transform: uppercase;\\n}\",\"title_color\":\"primary\",\"title_element\":\"h2\"}},{\"type\":\"text\",\"props\":{\"column_breakpoint\":\"m\",\"content\":\"\n\n<p>La atenci\\u00f3n al consumidor es uno de los pilares de Biraghi S.p.A. y se destaca a trav\\u00e9s de la calidad de nuestras materias primas provenientes del territorio y de nuestros productos, que son sometidos a numerosos controles de calidad antes de ser puestos a la venta. Nuestra gama de productos est\\u00e1 dise\\u00f1ada para satisfacer todas las necesidades de los consumidores, y los envases est\\u00e1n dise\\u00f1ados para garantizar un alto nivel de servicio, gracias a la apertura f\\u00e1cil con cierre de cremallera, el cierre herm\\u00e9tico para preservar la frescura y el tama\\u00f1o adecuado para el consumo diario de una familia.<\\\/p>\",\"margin\":\"default\",\"text_color\":\"primary\"}}]}]},{\"type\":\"row\",\"props\":{\"column_gap\":\"collapse\",\"layout\":\"1-2,1-2\",\"margin\":\"remove-vertical\",\"row_gap\":\"collapse\"},\"children\":[{\"type\":\"column\",\"props\":{\"css\":\".el-column{\\n    \\\/*padding:40px;*\\\/\\n    \\\/*background-color:#FAFAFA;*\\\/\\n}\",\"image\":\"wp-content\\\/uploads\\\/2023\\\/05\\\/img-top-azienda-5.jpg\",\"image_position\":\"center-center\",\"image_size\":\"cover\",\"media_overlay_gradient\":\"\",\"position_sticky_breakpoint\":\"m\",\"vertical_align\":\"middle\",\"width_medium\":\"\",\"width_small\":\"1-2\"},\"children\":[{\"type\":\"image\",\"props\":{\"css\":\".el-element{\\n    visibility: hidden;\\n}\\n\",\"image\":\"wp-content\\\/uploads\\\/2023\\\/05\\\/img-top-azienda-5.jpg\",\"image_height\":\"400\",\"image_svg_color\":\"emphasis\",\"image_width\":\"400\",\"margin\":\"default\",\"text_align\":\"center\"}}]},{\"type\":\"column\",\"props\":{\"css\":\"@media(min-width: 960px){\\n    .uk-tile{\\n        padding-left: 100px;\\n        padding-right: 180px;\\n    }\\n}\",\"image_position\":\"center-center\",\"media_overlay_gradient\":\"\",\"padding\":\"large\",\"position_sticky_breakpoint\":\"m\",\"preserve_color\":false,\"style\":\"secondary\",\"width_medium\":\"\",\"width_small\":\"1-2\"},\"children\":[{\"type\":\"headline\",\"props\":{\"content\":\"PLANTAS Y PRODUCCI\\u00d3N\",\"css\":\".el-element{\\n\\ttext-transform: uppercase;\\n}\",\"title_color\":\"secondary\",\"title_element\":\"h2\"}},{\"type\":\"text\",\"props\":{\"column_breakpoint\":\"m\",\"content\":\"\n\n<p>La \\u00fanica planta de Biraghi S.p.A. se encuentra en Cavallermaggiore, en la provincia de Cuneo, en la regi\\u00f3n de Piemonte, y abarca una superficie de 166.500 metros cuadrados. En ella se llevan a cabo todos los procesos de producci\\u00f3n, desde la recolecci\\u00f3n de la leche hasta la elaboraci\\u00f3n final de los quesos Gran Biraghi, el Gorgonzola D.O.P., la mantequilla y la ricotta. Todo ello se realiza siguiendo rigurosos est\\u00e1ndares y criterios de higiene. Tanto las formas de Gran Biraghi como las formas de Gorgonzola D.O.P. se dejan madurar en almacenes especiales. Al final del per\\u00edodo de maduraci\\u00f3n, las formas se cortan y se envasan, dando lugar a la deliciosa l\\u00ednea de productos Gran Biraghi (rallado, Biraghini, Snack, Petali y Spicchi) y a los exquisitos y pr\\u00e1cticos envases de Gorgonzola D.O.P.<\\\/p>\",\"margin\":\"default\",\"text_color\":\"secondary\"}}]}]}]}],\"version\":\"3.0.25\"} --><\/p>\n","protected":false},"excerpt":{"rendered":"<p>DESDE 1934, DEDICADOS AL CONSUMIDOR NUESTRA HISTORIA Ubicada en la provincia de Cuneo, entre las colinas de Langhe y el monte Monviso, Biraghi S.p.A. fue fundada en 1934 por Ferruccio Biraghi, uno de los empresarios m\u00e1s visionarios del panorama industrial italiano en ese momento. Nacido en Lodi en 1909, Ferruccio Biraghi comenz\u00f3 a trabajar en [&hellip;]<\/p>\n","protected":false},"author":2,"featured_media":0,"parent":0,"menu_order":0,"comment_status":"closed","ping_status":"closed","template":"","meta":{"_acf_changed":false,"footnotes":""},"class_list":["post-51464","page","type-page","status-publish","hentry"],"acf":[],"yoast_head":"<!-- This site is optimized with the Yoast SEO plugin v26.6 - https:\/\/yoast.com\/wordpress\/plugins\/seo\/ -->\n<title>Agencia - Biraghi<\/title>\n<meta name=\"robots\" content=\"index, follow, max-snippet:-1, max-image-preview:large, max-video-preview:-1\" \/>\n<link rel=\"canonical\" href=\"https:\/\/biraghi.it\/es\/agencia-2\/\" \/>\n<meta property=\"og:locale\" content=\"es_ES\" \/>\n<meta property=\"og:type\" content=\"article\" \/>\n<meta property=\"og:title\" content=\"Agencia - Biraghi\" \/>\n<meta property=\"og:description\" content=\"DESDE 1934, DEDICADOS AL CONSUMIDOR NUESTRA HISTORIA Ubicada en la provincia de Cuneo, entre las colinas de Langhe y el monte Monviso, Biraghi S.p.A. fue fundada en 1934 por Ferruccio Biraghi, uno de los empresarios m\u00e1s visionarios del panorama industrial italiano en ese momento. Nacido en Lodi en 1909, Ferruccio Biraghi comenz\u00f3 a trabajar en [&hellip;]\" \/>\n<meta property=\"og:url\" content=\"https:\/\/biraghi.it\/es\/agencia-2\/\" \/>\n<meta property=\"og:site_name\" content=\"Biraghi\" \/>\n<meta property=\"article:publisher\" content=\"https:\/\/www.facebook.com\/FormaggiBiraghi\" \/>\n<meta property=\"article:modified_time\" content=\"2024-10-11T10:06:25+00:00\" \/>\n<meta name=\"twitter:card\" content=\"summary_large_image\" \/>\n<meta name=\"twitter:label1\" content=\"Tiempo de lectura\" \/>\n\t<meta name=\"twitter:data1\" content=\"4 minutos\" \/>\n<script type=\"application\/ld+json\" class=\"yoast-schema-graph\">{\"@context\":\"https:\/\/schema.org\",\"@graph\":[{\"@type\":\"WebPage\",\"@id\":\"https:\/\/biraghi.it\/es\/agencia-2\/\",\"url\":\"https:\/\/biraghi.it\/es\/agencia-2\/\",\"name\":\"Agencia - Biraghi\",\"isPartOf\":{\"@id\":\"https:\/\/biraghi.it\/es\/#website\"},\"datePublished\":\"2024-10-11T10:06:24+00:00\",\"dateModified\":\"2024-10-11T10:06:25+00:00\",\"breadcrumb\":{\"@id\":\"https:\/\/biraghi.it\/es\/agencia-2\/#breadcrumb\"},\"inLanguage\":\"es\",\"potentialAction\":[{\"@type\":\"ReadAction\",\"target\":[\"https:\/\/biraghi.it\/es\/agencia-2\/\"]}]},{\"@type\":\"BreadcrumbList\",\"@id\":\"https:\/\/biraghi.it\/es\/agencia-2\/#breadcrumb\",\"itemListElement\":[{\"@type\":\"ListItem\",\"position\":1,\"name\":\"Home\",\"item\":\"https:\/\/biraghi.it\/es\/home\/\"},{\"@type\":\"ListItem\",\"position\":2,\"name\":\"Agencia\"}]},{\"@type\":\"WebSite\",\"@id\":\"https:\/\/biraghi.it\/es\/#website\",\"url\":\"https:\/\/biraghi.it\/es\/\",\"name\":\"Biraghi\",\"description\":\"Qualit\u00e0 italiana dal 1934\",\"publisher\":{\"@id\":\"https:\/\/biraghi.it\/es\/#organization\"},\"potentialAction\":[{\"@type\":\"SearchAction\",\"target\":{\"@type\":\"EntryPoint\",\"urlTemplate\":\"https:\/\/biraghi.it\/es\/?s={search_term_string}\"},\"query-input\":{\"@type\":\"PropertyValueSpecification\",\"valueRequired\":true,\"valueName\":\"search_term_string\"}}],\"inLanguage\":\"es\"},{\"@type\":\"Organization\",\"@id\":\"https:\/\/biraghi.it\/es\/#organization\",\"name\":\"Biraghi\",\"url\":\"https:\/\/biraghi.it\/es\/\",\"logo\":{\"@type\":\"ImageObject\",\"inLanguage\":\"es\",\"@id\":\"https:\/\/biraghi.it\/es\/#\/schema\/logo\/image\/\",\"url\":\"https:\/\/biraghi.it\/wp-content\/uploads\/2023\/02\/logo-biraghi.svg\",\"contentUrl\":\"https:\/\/biraghi.it\/wp-content\/uploads\/2023\/02\/logo-biraghi.svg\",\"width\":1,\"height\":1,\"caption\":\"Biraghi\"},\"image\":{\"@id\":\"https:\/\/biraghi.it\/es\/#\/schema\/logo\/image\/\"},\"sameAs\":[\"https:\/\/www.facebook.com\/FormaggiBiraghi\",\"https:\/\/www.instagram.com\/formaggi_biraghi\"]}]}<\/script>\n<!-- \/ Yoast SEO plugin. -->","yoast_head_json":{"title":"Agencia - Biraghi","robots":{"index":"index","follow":"follow","max-snippet":"max-snippet:-1","max-image-preview":"max-image-preview:large","max-video-preview":"max-video-preview:-1"},"canonical":"https:\/\/biraghi.it\/es\/agencia-2\/","og_locale":"es_ES","og_type":"article","og_title":"Agencia - Biraghi","og_description":"DESDE 1934, DEDICADOS AL CONSUMIDOR NUESTRA HISTORIA Ubicada en la provincia de Cuneo, entre las colinas de Langhe y el monte Monviso, Biraghi S.p.A. fue fundada en 1934 por Ferruccio Biraghi, uno de los empresarios m\u00e1s visionarios del panorama industrial italiano en ese momento. Nacido en Lodi en 1909, Ferruccio Biraghi comenz\u00f3 a trabajar en [&hellip;]","og_url":"https:\/\/biraghi.it\/es\/agencia-2\/","og_site_name":"Biraghi","article_publisher":"https:\/\/www.facebook.com\/FormaggiBiraghi","article_modified_time":"2024-10-11T10:06:25+00:00","twitter_card":"summary_large_image","twitter_misc":{"Tiempo de lectura":"4 minutos"},"schema":{"@context":"https:\/\/schema.org","@graph":[{"@type":"WebPage","@id":"https:\/\/biraghi.it\/es\/agencia-2\/","url":"https:\/\/biraghi.it\/es\/agencia-2\/","name":"Agencia - Biraghi","isPartOf":{"@id":"https:\/\/biraghi.it\/es\/#website"},"datePublished":"2024-10-11T10:06:24+00:00","dateModified":"2024-10-11T10:06:25+00:00","breadcrumb":{"@id":"https:\/\/biraghi.it\/es\/agencia-2\/#breadcrumb"},"inLanguage":"es","potentialAction":[{"@type":"ReadAction","target":["https:\/\/biraghi.it\/es\/agencia-2\/"]}]},{"@type":"BreadcrumbList","@id":"https:\/\/biraghi.it\/es\/agencia-2\/#breadcrumb","itemListElement":[{"@type":"ListItem","position":1,"name":"Home","item":"https:\/\/biraghi.it\/es\/home\/"},{"@type":"ListItem","position":2,"name":"Agencia"}]},{"@type":"WebSite","@id":"https:\/\/biraghi.it\/es\/#website","url":"https:\/\/biraghi.it\/es\/","name":"Biraghi","description":"Qualit\u00e0 italiana dal 1934","publisher":{"@id":"https:\/\/biraghi.it\/es\/#organization"},"potentialAction":[{"@type":"SearchAction","target":{"@type":"EntryPoint","urlTemplate":"https:\/\/biraghi.it\/es\/?s={search_term_string}"},"query-input":{"@type":"PropertyValueSpecification","valueRequired":true,"valueName":"search_term_string"}}],"inLanguage":"es"},{"@type":"Organization","@id":"https:\/\/biraghi.it\/es\/#organization","name":"Biraghi","url":"https:\/\/biraghi.it\/es\/","logo":{"@type":"ImageObject","inLanguage":"es","@id":"https:\/\/biraghi.it\/es\/#\/schema\/logo\/image\/","url":"https:\/\/biraghi.it\/wp-content\/uploads\/2023\/02\/logo-biraghi.svg","contentUrl":"https:\/\/biraghi.it\/wp-content\/uploads\/2023\/02\/logo-biraghi.svg","width":1,"height":1,"caption":"Biraghi"},"image":{"@id":"https:\/\/biraghi.it\/es\/#\/schema\/logo\/image\/"},"sameAs":["https:\/\/www.facebook.com\/FormaggiBiraghi","https:\/\/www.instagram.com\/formaggi_biraghi"]}]}},"_links":{"self":[{"href":"https:\/\/biraghi.it\/es\/wp-json\/wp\/v2\/pages\/51464","targetHints":{"allow":["GET"]}}],"collection":[{"href":"https:\/\/biraghi.it\/es\/wp-json\/wp\/v2\/pages"}],"about":[{"href":"https:\/\/biraghi.it\/es\/wp-json\/wp\/v2\/types\/page"}],"author":[{"embeddable":true,"href":"https:\/\/biraghi.it\/es\/wp-json\/wp\/v2\/users\/2"}],"replies":[{"embeddable":true,"href":"https:\/\/biraghi.it\/es\/wp-json\/wp\/v2\/comments?post=51464"}],"version-history":[{"count":1,"href":"https:\/\/biraghi.it\/es\/wp-json\/wp\/v2\/pages\/51464\/revisions"}],"predecessor-version":[{"id":51467,"href":"https:\/\/biraghi.it\/es\/wp-json\/wp\/v2\/pages\/51464\/revisions\/51467"}],"wp:attachment":[{"href":"https:\/\/biraghi.it\/es\/wp-json\/wp\/v2\/media?parent=51464"}],"curies":[{"name":"wp","href":"https:\/\/api.w.org\/{rel}","templated":true}]}}