{"id":51441,"date":"2023-05-16T11:22:12","date_gmt":"2023-05-16T11:22:12","guid":{"rendered":"https:\/\/biraghi.it\/raccolta-del-latte\/"},"modified":"2024-10-11T10:44:25","modified_gmt":"2024-10-11T10:44:25","slug":"collection-du-lait","status":"publish","type":"page","link":"https:\/\/biraghi.it\/fr\/collection-du-lait\/","title":{"rendered":"Collection du lait"},"content":{"rendered":"<h1>De l&#8217;\u00e9curie \u00e0 votre table<\/h1>\n<hr>\n<h2>100% LAIT ITALIEN<\/h2>\n<div>\n<p>Pour nous, chez Biraghi, le <strong>lait<\/strong> <strong>n&#8217;est pas seulement une &#8220;mati\u00e8re premi\u00e8re&#8221;<\/strong>. En effet, la vie de notre entreprise tourne autour du lait et le soin apport\u00e9 \u00e0 chaque \u00e9tape, de la collecte \u00e0 la transformation, repr\u00e9sente pas seulement un devoir, mais aussi une v\u00e9ritable mission \u00e0 laquelle nous nous consacrons avec passion depuis 1934.<br \/>Pour Biraghi, le &#8220;parcours du lait&#8221; &#8211; avant d&#8217;arriver sur les tables de nos fid\u00e8les consommateurs sous forme de Gran Biraghi, de Gorgonzola DOP et de nos autres propositions vari\u00e9es &#8211; commence dans les \u00e9tables, gr\u00e2ce \u00e0 l&#8217;activit\u00e9 des \u00e9leveurs de notre r\u00e9gion.<\/p>\n<\/div>\n<p><img decoding=\"async\" src=\"\/wp-content\/uploads\/2023\/05\/mucca_vintage-min.png\" alt=\"\"><\/p>\n<hr>\n<h2>\n<div>L&#8217;IMPORTANCE DU TERRITOIRE<\/div>\n<\/h2>\n<div>\n<p>Nous collectons 170 millions de litres de lait par an uniquement dans les provinces de Turin et de Cuneo et nous avons soigneusement s\u00e9lectionn\u00e9 au fil du temps les exploitations agricoles capables de fournir la meilleure qualit\u00e9.<\/p>\n<p>Nous les visitons r\u00e9guli\u00e8rement, nous connaissons leur histoire (souvent li\u00e9e \u00e0 des g\u00e9n\u00e9rations de la m\u00eame famille) et nous nous confrontons p\u00e9riodiquement avec les \u00e9leveurs. Avec beaucoup d&#8217;entre eux, la relation de travail initiale s&#8217;est transform\u00e9e au cours des ann\u00e9es dans un dialogue personnel bas\u00e9 sur le respect mutuel et la confiance.<\/p>\n<\/div>\n<p><img decoding=\"async\" src=\"\/wp-content\/uploads\/2023\/05\/latte_vintage.png\" alt=\"\"><\/p>\n<hr>\n<h2>\n<div>GARANTIE DE QUALIT\u00c9<\/div>\n<\/h2>\n<div>\n<p>L&#8217;\u00e9troite collaboration que nous avons instaur\u00e9e dans les ann\u00e9es nous permet d&#8217;utiliser une mati\u00e8re premi\u00e8re de grande qualit\u00e9 et de fra\u00eecheur, produite par nos fournisseurs avec exp\u00e9rience et fiert\u00e9 de leur m\u00e9tier. Au travail de nos fournisseurs et \u00e0 la conscience de leur professionnalisme, nous avons toujours ajout\u00e9 &#8211; avec rigueur et dans le strict respect des r\u00e9glementations &#8211; de nombreuses series de contr\u00f4les effectu\u00e9s selon les m\u00e9thodes techniques et scientifiques les plus avanc\u00e9es, gr\u00e2ce au laboratoire interne de l&#8217;entreprise, \u00e9quip\u00e9 de technologies de pointe et de personnel qualifi\u00e9.<\/p>\n<\/div>\n<p><img decoding=\"async\" src=\"\/wp-content\/uploads\/2023\/05\/farmer_vintage-min.png\" alt=\"\"><\/p>\n<hr>\n<h2>\n<div>QUALIT\u00c9 DE LA FILI\u00c8RE<\/div>\n<\/h2>\n<div>\n<p>Le soutien \u00e0 la r\u00e9gion et \u00e0 la fili\u00e8re italienne a toujours \u00e9t\u00e9 une priorit\u00e9 pour Biraghi: ici notre lien avec la r\u00e9gion est vraiment unique et sp\u00e9cial et nous investissons r\u00e9guli\u00e8rement dans la cr\u00e9ation d&#8217;emplois et, surtout, dans l&#8217;achat du lait, qui a d\u00e9sormais atteint des quantit\u00e9s vraiment importantes, qui font de nous des acteurs cl\u00e9s de l&#8217;\u00e9conomie du Pi\u00e9mont.<\/p>\n<\/div>\n<p><img decoding=\"async\" src=\"\/wp-content\/uploads\/2023\/05\/piemonte_vintage-min.png\" alt=\"\"><\/p>\n<p><!--more--><br \/>\n<!-- {\"type\":\"layout\",\"children\":[{\"type\":\"section\",\"props\":{\"css\":\".el-section{\\n\\tposition: relative!important;\\n}\\n.uk-panel, .uk-position-relative{\\n\\tposition: static!important;\\n}\",\"image\":\"wp-content\\\/uploads\\\/2023\\\/05\\\/filiera-latte-top.jpg\",\"image_position\":\"center-center\",\"image_size\":\"cover\",\"media_overlay\":\"rgba(0, 0, 0, 0.17)\",\"padding\":\"xlarge\",\"style\":\"default\",\"title_breakpoint\":\"xl\",\"title_position\":\"top-left\",\"title_rotation\":\"left\",\"vertical_align\":\"\",\"width\":\"default\"},\"children\":[{\"type\":\"row\",\"children\":[{\"type\":\"column\",\"props\":{\"image_position\":\"center-center\",\"position_sticky_breakpoint\":\"m\"},\"children\":[{\"type\":\"headline\",\"props\":{\"content\":\"De l'\\u00e9curie \\u00e0 votre table\",\"css\":\".el-element{\\n\\tposition: relative;\\n    z-index:2;\\n}\",\"text_align\":\"center\",\"title_color\":\"primary\",\"title_element\":\"h1\",\"title_style\":\"heading-medium\"}},{\"type\":\"image\",\"props\":{\"css\":\".el-element{\\n\\tposition: absolute;\\n    left: 50%;\\n    bottom: -75px;\\n    transform: translateX(-50%);\\n    z-index:3!important;\\n}\",\"image\":\"wp-content\\\/uploads\\\/2023\\\/05\\\/bollolatte100_chisiamo.png\",\"image_svg_color\":\"emphasis\",\"image_width\":\"150\",\"margin\":\"default\",\"status\":\"disabled\",\"text_align\":\"center\"}}]}],\"props\":{\"width\":\"xsmall\"}}]},{\"type\":\"section\",\"props\":{\"css\":\".el-section{\\n\\tbackground-color: transparent;\\n    position: relative;\\n    z-index:2;\\n}\\n@media(min-width: 1100px){\\n.uk-background-bottom-center {\\n    background-position: 50% 220px!important;\\n}\\n}\",\"image_position\":\"bottom-center\",\"image_width\":\"900\",\"padding_remove_bottom\":false,\"preserve_color\":true,\"style\":\"primary\",\"title_breakpoint\":\"xl\",\"title_position\":\"top-left\",\"title_rotation\":\"left\",\"vertical_align\":\"\",\"width\":\"\"},\"children\":[{\"type\":\"row\",\"children\":[{\"type\":\"column\",\"props\":{\"image_position\":\"center-center\",\"position_sticky_breakpoint\":\"m\"},\"children\":[{\"type\":\"divider\",\"props\":{\"block_align\":\"center\",\"css\":\".el-element{\\n    z-index:2;\\n    position: relative;\\n}\",\"divider_align\":\"center\",\"divider_element\":\"hr\",\"divider_style\":\"vertical\",\"margin\":\"default\",\"margin_remove_top\":false}},{\"type\":\"headline\",\"props\":{\"content\":\"100% LAIT ITALIEN\",\"css\":\".el-element{\\n    z-index:2;\\n    position: relative;\\n}\",\"text_align\":\"center\",\"title_color\":\"primary\",\"title_element\":\"h2\"}},{\"type\":\"text\",\"props\":{\"block_align\":\"center\",\"column_breakpoint\":\"m\",\"content\":\"\n\n<p>Pour nous, chez Biraghi, le <strong>lait<\\\/strong> <strong>n'est pas seulement une \\\"mati\\u00e8re premi\\u00e8re\\\"<\\\/strong>. En effet, la vie de notre entreprise tourne autour du lait et le soin apport\\u00e9 \\u00e0 chaque \\u00e9tape, de la collecte \\u00e0 la transformation, repr\\u00e9sente pas seulement un devoir, mais aussi une v\\u00e9ritable mission \\u00e0 laquelle nous nous consacrons avec passion depuis 1934.<br \\\/>Pour Biraghi, le \\\"parcours du lait\\\" - avant d'arriver sur les tables de nos fid\\u00e8les consommateurs sous forme de Gran Biraghi, de Gorgonzola DOP et de nos autres propositions vari\\u00e9es - commence dans les \\u00e9tables, gr\\u00e2ce \\u00e0 l'activit\\u00e9 des \\u00e9leveurs de notre r\\u00e9gion.<\\\/p>\",\"css\":\".el-element{\\n    z-index:2;\\n    position: relative;\\n}\",\"margin\":\"default\",\"maxwidth\":\"large\",\"text_align\":\"center\",\"text_color\":\"primary\",\"text_style\":\"large\"}},{\"type\":\"image\",\"props\":{\"css\":\".el-element{\\n    margin-top: -13%!important;\\n    z-index:0;\\n    position: relative;\\n}\\n@media(max-width: 959px){\\n    img{\\n        margin-top: -10%!important;\\n    }\\n}\\n@media(max-width: 425px){\\n    img{\\n         margin-top: -25%!important;\\n    \\twidth: 650px!important;\\n        max-width: 650px;\\n        margin-left:-50%!important;\\n        margin-right:-50%!important;\\n    }\\n}\",\"image\":\"wp-content\\\/uploads\\\/2023\\\/05\\\/mucca_vintage-min.png\",\"image_svg_color\":\"emphasis\",\"margin\":\"default\",\"margin_remove_bottom\":true,\"text_align\":\"center\"}},{\"type\":\"divider\",\"props\":{\"block_align\":\"center\",\"css\":\".el-element{\\n    margin-top: -12%!important;\\n    z-index:2;\\n    position: relative;\\n}\\n@media(min-width: 1600px){\\n    .el-element{\\n        margin-top: -10%!important;\\n    }\\n}\\n@media(max-width: 425px){\\n    .el-element{\\n        margin-top: -28%!important;\\n    }\\n}\",\"divider_align\":\"center\",\"divider_element\":\"hr\",\"divider_style\":\"vertical\",\"margin\":\"default\",\"margin_remove_top\":true}},{\"type\":\"headline\",\"props\":{\"content\":\"\n\n<div>L'IMPORTANCE DU TERRITOIRE<\\\/div>\",\"css\":\".el-element{\\n    z-index:2;\\n    position: relative;\\n}\",\"text_align\":\"center\",\"title_color\":\"primary\",\"title_element\":\"h2\"}},{\"type\":\"text\",\"props\":{\"block_align\":\"center\",\"column_breakpoint\":\"m\",\"content\":\"\n\n<p>Nous collectons 170 millions de litres de lait par an uniquement dans les provinces de Turin et de Cuneo et nous avons soigneusement s\\u00e9lectionn\\u00e9 au fil du temps les exploitations agricoles capables de fournir la meilleure qualit\\u00e9.<\\\/p>\\n\n\n<p>Nous les visitons r\\u00e9guli\\u00e8rement, nous connaissons leur histoire (souvent li\\u00e9e \\u00e0 des g\\u00e9n\\u00e9rations de la m\\u00eame famille) et nous nous confrontons p\\u00e9riodiquement avec les \\u00e9leveurs. Avec beaucoup d'entre eux, la relation de travail initiale s'est transform\\u00e9e au cours des ann\\u00e9es dans un dialogue personnel bas\\u00e9 sur le respect mutuel et la confiance.<\\\/p>\",\"css\":\".el-element{\\n    z-index:2;\\n    position: relative;\\n}\",\"margin\":\"default\",\"maxwidth\":\"2xlarge\",\"text_align\":\"center\",\"text_color\":\"primary\",\"text_style\":\"large\"}},{\"type\":\"image\",\"props\":{\"css\":\".el-element{\\n    margin-top: -15%!important;\\n    z-index:0;\\n    position: relative;\\n}\\n@media(min-width: 1600px){\\n    .el-element{\\n        margin-top: -10%!important;\\n    }\\n}\\n@media(max-width: 425px){\\n    img{\\n        margin-top: -60px;\\n    \\twidth: 500px!important;\\n        max-width: 500px;\\n        margin-left:-50%!important;\\n        margin-right:-50%!important;\\n    }\\n}\",\"image\":\"wp-content\\\/uploads\\\/2023\\\/05\\\/latte_vintage.png\",\"image_svg_color\":\"emphasis\",\"image_width\":\"700\",\"margin\":\"default\",\"margin_remove_bottom\":true,\"text_align\":\"center\"}},{\"type\":\"divider\",\"props\":{\"block_align\":\"center\",\"css\":\".el-element{\\n    margin-top: -15%!important;\\n    z-index:2;\\n    position: absolute;\\n    bottom: -75px;\\n    left: 50%;\\n    transform: translateX(-50%);\\n}\",\"divider_align\":\"center\",\"divider_element\":\"hr\",\"divider_style\":\"vertical\",\"margin\":\"default\",\"margin_remove_top\":true}}]}],\"props\":{\"margin\":\"large\",\"margin_remove_bottom\":true}}]},{\"type\":\"section\",\"props\":{\"css\":\".el-section{\\n    position: relative;\\n    z-index:0;\\n}\\n@media (min-width: 960px){\\n.el-section{\\n    padding-top: 160px!important;\\n}\\n}\",\"image_position\":\"center-center\",\"padding\":\"xlarge\",\"padding_remove_bottom\":true,\"preserve_color\":true,\"style\":\"primary\",\"title_breakpoint\":\"xl\",\"title_position\":\"top-left\",\"title_rotation\":\"left\",\"vertical_align\":\"\",\"width\":\"default\"},\"children\":[{\"type\":\"row\",\"children\":[{\"type\":\"column\",\"props\":{\"image_position\":\"center-center\",\"position_sticky_breakpoint\":\"m\"},\"children\":[{\"type\":\"headline\",\"props\":{\"content\":\"\n\n<div>GARANTIE DE QUALIT\\u00c9<\\\/div>\",\"css\":\".el-element{\\n    z-index:2;\\n    position: relative;\\n}\",\"text_align\":\"center\",\"title_color\":\"primary\",\"title_element\":\"h2\"}},{\"type\":\"text\",\"props\":{\"block_align\":\"center\",\"column_breakpoint\":\"m\",\"content\":\"\n\n<p>L'\\u00e9troite collaboration que nous avons instaur\\u00e9e dans les ann\\u00e9es nous permet d'utiliser une mati\\u00e8re premi\\u00e8re de grande qualit\\u00e9 et de fra\\u00eecheur, produite par nos fournisseurs avec exp\\u00e9rience et fiert\\u00e9 de leur m\\u00e9tier. Au travail de nos fournisseurs et \\u00e0 la conscience de leur professionnalisme, nous avons toujours ajout\\u00e9 - avec rigueur et dans le strict respect des r\\u00e9glementations - de nombreuses series de contr\\u00f4les effectu\\u00e9s selon les m\\u00e9thodes techniques et scientifiques les plus avanc\\u00e9es, gr\\u00e2ce au laboratoire interne de l'entreprise, \\u00e9quip\\u00e9 de technologies de pointe et de personnel qualifi\\u00e9.<\\\/p>\",\"css\":\".el-element{\\n    z-index:2;\\n    position: relative;\\n}\",\"margin\":\"default\",\"margin_remove_bottom\":true,\"maxwidth\":\"2xlarge\",\"text_align\":\"center\",\"text_color\":\"primary\",\"text_style\":\"large\"}},{\"type\":\"image\",\"props\":{\"css\":\".el-element{\\n    margin-top: -20%!important;\\n    z-index:0;\\n    position: relative;\\n    mix-blend-mode: multiply;\\n}\\n@media(max-width: 425px){\\n    img{\\n        margin-top: -60px!important;\\n    \\twidth: 550px!important;\\n        max-width: 550px;\\n        margin-left:-50%!important;\\n        margin-right:-50%!important;\\n    }\\n}\",\"image\":\"wp-content\\\/uploads\\\/2023\\\/05\\\/farmer_vintage-min.png\",\"image_svg_color\":\"emphasis\",\"image_width\":\"900\",\"margin\":\"default\",\"margin_remove_bottom\":true,\"margin_remove_top\":true,\"text_align\":\"center\"}},{\"type\":\"divider\",\"props\":{\"block_align\":\"center\",\"css\":\".el-element{\\n    z-index:3;\\n    position: relative;\\n    margin-top: -5%!important;\\n}\",\"divider_align\":\"center\",\"divider_element\":\"hr\",\"divider_style\":\"vertical\",\"margin\":\"default\",\"margin_remove_top\":true}},{\"type\":\"headline\",\"props\":{\"content\":\"\n\n<div>QUALIT\\u00c9 DE LA FILI\\u00c8RE<\\\/div>\",\"css\":\".el-element{\\n    z-index:2;\\n    position: relative;\\n}\",\"text_align\":\"center\",\"title_color\":\"primary\",\"title_element\":\"h2\"}},{\"type\":\"text\",\"props\":{\"block_align\":\"center\",\"column_breakpoint\":\"m\",\"content\":\"\n\n<p>Le soutien \\u00e0 la r\\u00e9gion et \\u00e0 la fili\\u00e8re italienne a toujours \\u00e9t\\u00e9 une priorit\\u00e9 pour Biraghi: ici notre lien avec la r\\u00e9gion est vraiment unique et sp\\u00e9cial et nous investissons r\\u00e9guli\\u00e8rement dans la cr\\u00e9ation d'emplois et, surtout, dans l'achat du lait, qui a d\\u00e9sormais atteint des quantit\\u00e9s vraiment importantes, qui font de nous des acteurs cl\\u00e9s de l'\\u00e9conomie du Pi\\u00e9mont.<\\\/p>\",\"css\":\".el-element{\\n    z-index:2;\\n    position: relative;\\n}\",\"margin\":\"default\",\"margin_remove_bottom\":true,\"maxwidth\":\"2xlarge\",\"text_align\":\"center\",\"text_color\":\"primary\",\"text_style\":\"large\"}},{\"type\":\"image\",\"props\":{\"css\":\".el-element{\\n    margin-top: -20%!important;\\n    z-index:0;\\n    position: relative;\\n    mix-blend-mode: multiply;\\n}\\n@media(max-width: 425px){\\n    img{\\n        margin-top: -40px;\\n    \\twidth: 480px!important;\\n        max-width: 500px;\\n        margin-left:-50%!important;\\n        margin-right:-50%!important;\\n    }\\n}\",\"image\":\"wp-content\\\/uploads\\\/2023\\\/05\\\/piemonte_vintage-min.png\",\"image_svg_color\":\"emphasis\",\"image_width\":\"900\",\"margin\":\"default\",\"margin_remove_bottom\":true,\"margin_remove_top\":true,\"text_align\":\"center\"}}]}]}]}],\"version\":\"4.4.8\"} --><\/p>\n","protected":false},"excerpt":{"rendered":"<p>De l&#8217;\u00e9curie \u00e0 votre table 100% LAIT ITALIEN Pour nous, chez Biraghi, le lait n&#8217;est pas seulement une &#8220;mati\u00e8re premi\u00e8re&#8221;. En effet, la vie de notre entreprise tourne autour du lait et le soin apport\u00e9 \u00e0 chaque \u00e9tape, de la collecte \u00e0 la transformation, repr\u00e9sente pas seulement un devoir, mais aussi une v\u00e9ritable mission \u00e0 [&hellip;]<\/p>\n","protected":false},"author":3,"featured_media":0,"parent":0,"menu_order":0,"comment_status":"closed","ping_status":"closed","template":"","meta":{"_acf_changed":false,"footnotes":""},"class_list":["post-51441","page","type-page","status-publish","hentry"],"acf":[],"yoast_head":"<!-- This site is optimized with the Yoast SEO plugin v26.6 - https:\/\/yoast.com\/wordpress\/plugins\/seo\/ -->\n<title>Collection du lait - Biraghi<\/title>\n<meta name=\"robots\" content=\"index, follow, max-snippet:-1, max-image-preview:large, max-video-preview:-1\" \/>\n<link rel=\"canonical\" href=\"https:\/\/biraghi.it\/fr\/collection-du-lait\/\" \/>\n<meta property=\"og:locale\" content=\"fr_FR\" \/>\n<meta property=\"og:type\" content=\"article\" \/>\n<meta property=\"og:title\" content=\"Collection du lait - Biraghi\" \/>\n<meta property=\"og:description\" content=\"De l&#8217;\u00e9curie \u00e0 votre table 100% LAIT ITALIEN Pour nous, chez Biraghi, le lait n&#8217;est pas seulement une &#8220;mati\u00e8re premi\u00e8re&#8221;. En effet, la vie de notre entreprise tourne autour du lait et le soin apport\u00e9 \u00e0 chaque \u00e9tape, de la collecte \u00e0 la transformation, repr\u00e9sente pas seulement un devoir, mais aussi une v\u00e9ritable mission \u00e0 [&hellip;]\" \/>\n<meta property=\"og:url\" content=\"https:\/\/biraghi.it\/fr\/collection-du-lait\/\" \/>\n<meta property=\"og:site_name\" content=\"Biraghi\" \/>\n<meta property=\"article:publisher\" content=\"https:\/\/www.facebook.com\/FormaggiBiraghi\" \/>\n<meta property=\"article:modified_time\" content=\"2024-10-11T10:44:25+00:00\" \/>\n<meta name=\"twitter:card\" content=\"summary_large_image\" \/>\n<meta name=\"twitter:label1\" content=\"Dur\u00e9e de lecture estim\u00e9e\" \/>\n\t<meta name=\"twitter:data1\" content=\"3 minutes\" \/>\n<script type=\"application\/ld+json\" class=\"yoast-schema-graph\">{\"@context\":\"https:\/\/schema.org\",\"@graph\":[{\"@type\":\"WebPage\",\"@id\":\"https:\/\/biraghi.it\/fr\/collection-du-lait\/\",\"url\":\"https:\/\/biraghi.it\/fr\/collection-du-lait\/\",\"name\":\"Collection du lait - Biraghi\",\"isPartOf\":{\"@id\":\"https:\/\/biraghi.it\/fr\/#website\"},\"datePublished\":\"2023-05-16T11:22:12+00:00\",\"dateModified\":\"2024-10-11T10:44:25+00:00\",\"breadcrumb\":{\"@id\":\"https:\/\/biraghi.it\/fr\/collection-du-lait\/#breadcrumb\"},\"inLanguage\":\"fr-FR\",\"potentialAction\":[{\"@type\":\"ReadAction\",\"target\":[\"https:\/\/biraghi.it\/fr\/collection-du-lait\/\"]}]},{\"@type\":\"BreadcrumbList\",\"@id\":\"https:\/\/biraghi.it\/fr\/collection-du-lait\/#breadcrumb\",\"itemListElement\":[{\"@type\":\"ListItem\",\"position\":1,\"name\":\"Home\",\"item\":\"https:\/\/biraghi.it\/fr\/\"},{\"@type\":\"ListItem\",\"position\":2,\"name\":\"Collection du lait\"}]},{\"@type\":\"WebSite\",\"@id\":\"https:\/\/biraghi.it\/fr\/#website\",\"url\":\"https:\/\/biraghi.it\/fr\/\",\"name\":\"Biraghi\",\"description\":\"Qualit\u00e0 italiana dal 1934\",\"publisher\":{\"@id\":\"https:\/\/biraghi.it\/fr\/#organization\"},\"potentialAction\":[{\"@type\":\"SearchAction\",\"target\":{\"@type\":\"EntryPoint\",\"urlTemplate\":\"https:\/\/biraghi.it\/fr\/?s={search_term_string}\"},\"query-input\":{\"@type\":\"PropertyValueSpecification\",\"valueRequired\":true,\"valueName\":\"search_term_string\"}}],\"inLanguage\":\"fr-FR\"},{\"@type\":\"Organization\",\"@id\":\"https:\/\/biraghi.it\/fr\/#organization\",\"name\":\"Biraghi\",\"url\":\"https:\/\/biraghi.it\/fr\/\",\"logo\":{\"@type\":\"ImageObject\",\"inLanguage\":\"fr-FR\",\"@id\":\"https:\/\/biraghi.it\/fr\/#\/schema\/logo\/image\/\",\"url\":\"https:\/\/biraghi.it\/wp-content\/uploads\/2023\/02\/logo-biraghi.svg\",\"contentUrl\":\"https:\/\/biraghi.it\/wp-content\/uploads\/2023\/02\/logo-biraghi.svg\",\"width\":1,\"height\":1,\"caption\":\"Biraghi\"},\"image\":{\"@id\":\"https:\/\/biraghi.it\/fr\/#\/schema\/logo\/image\/\"},\"sameAs\":[\"https:\/\/www.facebook.com\/FormaggiBiraghi\",\"https:\/\/www.instagram.com\/formaggi_biraghi\"]}]}<\/script>\n<!-- \/ Yoast SEO plugin. -->","yoast_head_json":{"title":"Collection du lait - Biraghi","robots":{"index":"index","follow":"follow","max-snippet":"max-snippet:-1","max-image-preview":"max-image-preview:large","max-video-preview":"max-video-preview:-1"},"canonical":"https:\/\/biraghi.it\/fr\/collection-du-lait\/","og_locale":"fr_FR","og_type":"article","og_title":"Collection du lait - Biraghi","og_description":"De l&#8217;\u00e9curie \u00e0 votre table 100% LAIT ITALIEN Pour nous, chez Biraghi, le lait n&#8217;est pas seulement une &#8220;mati\u00e8re premi\u00e8re&#8221;. En effet, la vie de notre entreprise tourne autour du lait et le soin apport\u00e9 \u00e0 chaque \u00e9tape, de la collecte \u00e0 la transformation, repr\u00e9sente pas seulement un devoir, mais aussi une v\u00e9ritable mission \u00e0 [&hellip;]","og_url":"https:\/\/biraghi.it\/fr\/collection-du-lait\/","og_site_name":"Biraghi","article_publisher":"https:\/\/www.facebook.com\/FormaggiBiraghi","article_modified_time":"2024-10-11T10:44:25+00:00","twitter_card":"summary_large_image","twitter_misc":{"Dur\u00e9e de lecture estim\u00e9e":"3 minutes"},"schema":{"@context":"https:\/\/schema.org","@graph":[{"@type":"WebPage","@id":"https:\/\/biraghi.it\/fr\/collection-du-lait\/","url":"https:\/\/biraghi.it\/fr\/collection-du-lait\/","name":"Collection du lait - Biraghi","isPartOf":{"@id":"https:\/\/biraghi.it\/fr\/#website"},"datePublished":"2023-05-16T11:22:12+00:00","dateModified":"2024-10-11T10:44:25+00:00","breadcrumb":{"@id":"https:\/\/biraghi.it\/fr\/collection-du-lait\/#breadcrumb"},"inLanguage":"fr-FR","potentialAction":[{"@type":"ReadAction","target":["https:\/\/biraghi.it\/fr\/collection-du-lait\/"]}]},{"@type":"BreadcrumbList","@id":"https:\/\/biraghi.it\/fr\/collection-du-lait\/#breadcrumb","itemListElement":[{"@type":"ListItem","position":1,"name":"Home","item":"https:\/\/biraghi.it\/fr\/"},{"@type":"ListItem","position":2,"name":"Collection du lait"}]},{"@type":"WebSite","@id":"https:\/\/biraghi.it\/fr\/#website","url":"https:\/\/biraghi.it\/fr\/","name":"Biraghi","description":"Qualit\u00e0 italiana dal 1934","publisher":{"@id":"https:\/\/biraghi.it\/fr\/#organization"},"potentialAction":[{"@type":"SearchAction","target":{"@type":"EntryPoint","urlTemplate":"https:\/\/biraghi.it\/fr\/?s={search_term_string}"},"query-input":{"@type":"PropertyValueSpecification","valueRequired":true,"valueName":"search_term_string"}}],"inLanguage":"fr-FR"},{"@type":"Organization","@id":"https:\/\/biraghi.it\/fr\/#organization","name":"Biraghi","url":"https:\/\/biraghi.it\/fr\/","logo":{"@type":"ImageObject","inLanguage":"fr-FR","@id":"https:\/\/biraghi.it\/fr\/#\/schema\/logo\/image\/","url":"https:\/\/biraghi.it\/wp-content\/uploads\/2023\/02\/logo-biraghi.svg","contentUrl":"https:\/\/biraghi.it\/wp-content\/uploads\/2023\/02\/logo-biraghi.svg","width":1,"height":1,"caption":"Biraghi"},"image":{"@id":"https:\/\/biraghi.it\/fr\/#\/schema\/logo\/image\/"},"sameAs":["https:\/\/www.facebook.com\/FormaggiBiraghi","https:\/\/www.instagram.com\/formaggi_biraghi"]}]}},"_links":{"self":[{"href":"https:\/\/biraghi.it\/fr\/wp-json\/wp\/v2\/pages\/51441","targetHints":{"allow":["GET"]}}],"collection":[{"href":"https:\/\/biraghi.it\/fr\/wp-json\/wp\/v2\/pages"}],"about":[{"href":"https:\/\/biraghi.it\/fr\/wp-json\/wp\/v2\/types\/page"}],"author":[{"embeddable":true,"href":"https:\/\/biraghi.it\/fr\/wp-json\/wp\/v2\/users\/3"}],"replies":[{"embeddable":true,"href":"https:\/\/biraghi.it\/fr\/wp-json\/wp\/v2\/comments?post=51441"}],"version-history":[{"count":4,"href":"https:\/\/biraghi.it\/fr\/wp-json\/wp\/v2\/pages\/51441\/revisions"}],"predecessor-version":[{"id":51488,"href":"https:\/\/biraghi.it\/fr\/wp-json\/wp\/v2\/pages\/51441\/revisions\/51488"}],"wp:attachment":[{"href":"https:\/\/biraghi.it\/fr\/wp-json\/wp\/v2\/media?parent=51441"}],"curies":[{"name":"wp","href":"https:\/\/api.w.org\/{rel}","templated":true}]}}